{"id":437,"date":"2026-02-08T15:30:56","date_gmt":"2026-02-08T15:30:56","guid":{"rendered":"https:\/\/cartervalves.com\/?post_type=product&#038;p=437"},"modified":"2026-02-10T08:29:48","modified_gmt":"2026-02-10T08:29:48","slug":"3-way-self-acting-temperature-regulator","status":"publish","type":"product","link":"https:\/\/cartervalves.com\/nl\/product\/3-way-self-acting-temperature-regulator\/","title":{"rendered":"3-weg zelfwerkende temperatuurregelaar"},"content":{"rendered":"<h4 class=\"wp-block-heading\">Waarom kiezen voor de CDR-TR73?<\/h4>\n\n\n\n<p>Drie-in-\u00e9\u00e9n oplossing: Integreert een regelklep, sensor en controller in \u00e9\u00e9n unit, vereenvoudigt het systeemontwerp en vermindert de complexiteit van de installatie en de onderhoudskosten.<br>Constant debiet: De unieke meng-\/verdeelfunctie zorgt voor een constante totale stroomsnelheid door het systeem, waardoor een stabiele koeling wordt gegarandeerd voor belangrijke apparatuur zoals motoren.<br>Robuust en duurzaam: Een robuuste structuur, ontworpen voor omgevingen met veel trillingen, zorgt voor een langdurige, betrouwbare temperatuurregeling, zelfs onder zware bedrijfsomstandigheden.<\/p>","protected":false},"featured_media":107,"menu_order":0,"template":"","product-categories":[11,18],"class_list":["post-437","product","type-product","status-publish","has-post-thumbnail","hentry","product-categories-control-valves","product-categories-self-acting-regulators"],"acf":[],"_links":{"self":[{"href":"https:\/\/cartervalves.com\/nl\/wp-json\/wp\/v2\/product\/437","targetHints":{"allow":["GET"]}}],"collection":[{"href":"https:\/\/cartervalves.com\/nl\/wp-json\/wp\/v2\/product"}],"about":[{"href":"https:\/\/cartervalves.com\/nl\/wp-json\/wp\/v2\/types\/product"}],"wp:featuredmedia":[{"embeddable":true,"href":"https:\/\/cartervalves.com\/nl\/wp-json\/wp\/v2\/media\/107"}],"wp:attachment":[{"href":"https:\/\/cartervalves.com\/nl\/wp-json\/wp\/v2\/media?parent=437"}],"wp:term":[{"taxonomy":"product-categories","embeddable":true,"href":"https:\/\/cartervalves.com\/nl\/wp-json\/wp\/v2\/product-categories?post=437"}],"curies":[{"name":"wp","href":"https:\/\/api.w.org\/{rel}","templated":true}]}}