{"id":546,"date":"2026-02-09T15:07:15","date_gmt":"2026-02-09T15:07:15","guid":{"rendered":"https:\/\/cartervalves.com\/?post_type=product&#038;p=546"},"modified":"2026-03-19T01:45:23","modified_gmt":"2026-03-19T01:45:23","slug":"skid-mounted-steam-pressure-reducing-and-regulating-station","status":"publish","type":"product","link":"https:\/\/cartervalves.com\/de\/product\/skid-mounted-steam-pressure-reducing-and-regulating-station\/","title":{"rendered":"Auf einem Gestell montierte Dampfdruckreduzier- und Regulierstation"},"content":{"rendered":"<h4 class=\"wp-block-heading\">Warum sollten Sie sich f\u00fcr das CSYY-110 entscheiden?<\/h4>\n\n\n\n<p>Plug and Play: Das gesamte System wird im Werk vorgefertigt, einschlie\u00dflich Ventilen, Filtern, Kondensatableitern und Instrumentierung. Vor Ort m\u00fcssen nur noch die Rohrleitungen und die Verkabelung angeschlossen werden, was den Installationszyklus erheblich verk\u00fcrzt.<br>Stabil und zuverl\u00e4ssig: Der Einsatz von Hochleistungs-Regelventilen und -Reglern gew\u00e4hrleistet einen \u00e4u\u00dferst stabilen Druck in der Anlage, der von Schwankungen des Drucks in der Anlage oder der Last in der Anlage unbeeinflusst bleibt und die Produktqualit\u00e4t garantiert.<br>Sicher und konform: Integriertes Sicherheitszubeh\u00f6r wie Sicherheitsventile und Druckmessger\u00e4te. Die gesamte Konstruktion und Fertigung erfolgt nach strengen Industriestandards, um die Betriebssicherheit zu gew\u00e4hrleisten.<br>Ma\u00dfgeschneidert: Kann auf der Grundlage Ihrer spezifischen Anforderungen an Durchfluss, Druck und Steuerungsmethode (selbstt\u00e4tig oder elektrisch gesteuert) kundenspezifisch gestaltet werden, um Ihren Prozessanforderungen perfekt zu entsprechen.<\/p>","protected":false},"featured_media":133,"menu_order":0,"template":"","product-categories":[30,16],"class_list":["post-546","product","type-product","status-publish","has-post-thumbnail","hentry","product-categories-desuperheating-systems","product-categories-system-packages"],"acf":[],"_links":{"self":[{"href":"https:\/\/cartervalves.com\/de\/wp-json\/wp\/v2\/product\/546","targetHints":{"allow":["GET"]}}],"collection":[{"href":"https:\/\/cartervalves.com\/de\/wp-json\/wp\/v2\/product"}],"about":[{"href":"https:\/\/cartervalves.com\/de\/wp-json\/wp\/v2\/types\/product"}],"wp:featuredmedia":[{"embeddable":true,"href":"https:\/\/cartervalves.com\/de\/wp-json\/wp\/v2\/media\/133"}],"wp:attachment":[{"href":"https:\/\/cartervalves.com\/de\/wp-json\/wp\/v2\/media?parent=546"}],"wp:term":[{"taxonomy":"product-categories","embeddable":true,"href":"https:\/\/cartervalves.com\/de\/wp-json\/wp\/v2\/product-categories?post=546"}],"curies":[{"name":"wp","href":"https:\/\/api.w.org\/{rel}","templated":true}]}}