{"id":542,"date":"2026-02-09T14:04:50","date_gmt":"2026-02-09T14:04:50","guid":{"rendered":"https:\/\/cartervalves.com\/?post_type=product&#038;p=542"},"modified":"2026-03-19T01:56:21","modified_gmt":"2026-03-19T01:56:21","slug":"pneumatic-diaphragm-actuator","status":"publish","type":"product","link":"https:\/\/cartervalves.com\/de\/product\/pneumatic-diaphragm-actuator\/","title":{"rendered":"Pneumatischer Membran-Stellantrieb"},"content":{"rendered":"<h4 class=\"wp-block-heading\">Warum sollten Sie sich f\u00fcr den CAA-810 entscheiden?<\/h4>\n\n\n\n<p>Breiter Schubkraftbereich: Erh\u00e4ltlich in verschiedenen Gr\u00f6\u00dfen, die eine starke Schubkraft von Hunderten bis Zehntausenden von Newton liefern und die Anforderungen verschiedener Betriebsbedingungen erf\u00fcllen.<br>Ausfallsichere Funktion: Eine integrierte Feder f\u00e4hrt das Ventil bei Ausfall der Luftzufuhr automatisch in eine voreingestellte Sicherheitsstellung (stromlos offen oder stromlos geschlossen) und gew\u00e4hrleistet so die Produktionssicherheit.<br>Robust und langlebig: Konzipiert f\u00fcr raue Industrieumgebungen mit einer langen Betriebsdauer, die Wartungskosten und Ausfallzeiten reduziert.<br>Umkehrbare Funktion: Die Funktionsweise des Aktuators (Luft-zu-\u00d6ffnen oder Luft-zu-Schlie\u00dfen) l\u00e4sst sich vor Ort leicht umkehren und bietet so Flexibilit\u00e4t f\u00fcr verschiedene Anwendungsszenarien.<\/p>","protected":false},"featured_media":127,"menu_order":0,"template":"","product-categories":[13,24],"class_list":["post-542","product","type-product","status-publish","has-post-thumbnail","hentry","product-categories-actuation","product-categories-pneumatic-actuators"],"acf":[],"_links":{"self":[{"href":"https:\/\/cartervalves.com\/de\/wp-json\/wp\/v2\/product\/542","targetHints":{"allow":["GET"]}}],"collection":[{"href":"https:\/\/cartervalves.com\/de\/wp-json\/wp\/v2\/product"}],"about":[{"href":"https:\/\/cartervalves.com\/de\/wp-json\/wp\/v2\/types\/product"}],"wp:featuredmedia":[{"embeddable":true,"href":"https:\/\/cartervalves.com\/de\/wp-json\/wp\/v2\/media\/127"}],"wp:attachment":[{"href":"https:\/\/cartervalves.com\/de\/wp-json\/wp\/v2\/media?parent=542"}],"wp:term":[{"taxonomy":"product-categories","embeddable":true,"href":"https:\/\/cartervalves.com\/de\/wp-json\/wp\/v2\/product-categories?post=542"}],"curies":[{"name":"wp","href":"https:\/\/api.w.org\/{rel}","templated":true}]}}