{"id":534,"date":"2026-02-09T13:49:11","date_gmt":"2026-02-09T13:49:11","guid":{"rendered":"https:\/\/cartervalves.com\/?post_type=product&#038;p=534"},"modified":"2026-03-19T02:08:10","modified_gmt":"2026-03-19T02:08:10","slug":"api-526-full-nozzle-safety-valve","status":"publish","type":"product","link":"https:\/\/cartervalves.com\/de\/product\/api-526-full-nozzle-safety-valve\/","title":{"rendered":"API 526 Volld\u00fcsen-Sicherheitsventil"},"content":{"rendered":"<h4 class=\"wp-block-heading\">Warum sollten Sie sich f\u00fcr das CSV-580 entscheiden?<\/h4>\n\n\n\n<p>Verbindliche Zertifizierung: Abmessungen, Werkstoffe und Leistung entsprechen vollst\u00e4ndig der Norm API 526 und gew\u00e4hrleisten eine breite Anerkennung und Anwendung in der weltweiten \u00d6l- und Gasindustrie.<br>Ausgezeichnete Langlebigkeit: Die Volld\u00fcsenkonstruktion isoliert das Ventilgeh\u00e4use vollst\u00e4ndig vom Medium und sch\u00fctzt es so effektiv vor Korrosion, verl\u00e4ngert die Lebensdauer erheblich und reduziert die Austauschh\u00e4ufigkeit.<br>Stabil und zuverl\u00e4ssig: Speziell f\u00fcr hohen Gegendruck und wechselnde Betriebsbedingungen entwickelt, bietet es stabile \u00d6ffnungs- und Schlie\u00dfeigenschaften, die eine zuverl\u00e4ssige Druckentlastung auch unter extremen Bedingungen erm\u00f6glichen.<\/p>","protected":false},"featured_media":108,"menu_order":0,"template":"","product-categories":[27,14],"class_list":["post-534","product","type-product","status-publish","has-post-thumbnail","hentry","product-categories-high-flow-safety-valves","product-categories-safety-relief-valves"],"acf":[],"_links":{"self":[{"href":"https:\/\/cartervalves.com\/de\/wp-json\/wp\/v2\/product\/534","targetHints":{"allow":["GET"]}}],"collection":[{"href":"https:\/\/cartervalves.com\/de\/wp-json\/wp\/v2\/product"}],"about":[{"href":"https:\/\/cartervalves.com\/de\/wp-json\/wp\/v2\/types\/product"}],"wp:featuredmedia":[{"embeddable":true,"href":"https:\/\/cartervalves.com\/de\/wp-json\/wp\/v2\/media\/108"}],"wp:attachment":[{"href":"https:\/\/cartervalves.com\/de\/wp-json\/wp\/v2\/media?parent=534"}],"wp:term":[{"taxonomy":"product-categories","embeddable":true,"href":"https:\/\/cartervalves.com\/de\/wp-json\/wp\/v2\/product-categories?post=534"}],"curies":[{"name":"wp","href":"https:\/\/api.w.org\/{rel}","templated":true}]}}