{"id":533,"date":"2026-02-09T13:46:56","date_gmt":"2026-02-09T13:46:56","guid":{"rendered":"https:\/\/cartervalves.com\/?post_type=product&#038;p=533"},"modified":"2026-03-19T02:08:59","modified_gmt":"2026-03-19T02:08:59","slug":"asme-standard-full-lift-safety-valve","status":"publish","type":"product","link":"https:\/\/cartervalves.com\/de\/product\/asme-standard-full-lift-safety-valve\/","title":{"rendered":"ASME Standard Vollhub-Sicherheitsventil"},"content":{"rendered":"<h4 class=\"wp-block-heading\">Warum sollten Sie sich f\u00fcr das CSV-530 entscheiden?<\/h4>\n\n\n\n<p>Internationale Norm: Vollst\u00e4ndig konform mit dem ASME Boiler and Pressure Vessel Code, was die Einhaltung und Kompatibilit\u00e4t bei Projekten nach dem amerikanischen Standardsystem gew\u00e4hrleistet.<br>Nahtlose Integration: Ausgestattet mit ANSI-Flanschen gem\u00e4\u00df ASME B16.5, die eine perfekte Anpassung an amerikanische Standard-Rohrleitungssysteme gew\u00e4hrleisten und die technische Konstruktion vereinfachen.<br>Zuverl\u00e4ssiger Betrieb: Die geschlossene Konstruktion der Hebevorrichtung gew\u00e4hrleistet einen sicheren und zuverl\u00e4ssigen Betrieb unter verschiedenen Arbeitsbedingungen und bietet kontinuierlichen Schutz f\u00fcr kritische Ger\u00e4te.<\/p>","protected":false},"featured_media":109,"menu_order":0,"template":"","product-categories":[14,26],"class_list":["post-533","product","type-product","status-publish","has-post-thumbnail","hentry","product-categories-safety-relief-valves","product-categories-standard-flow-safety-valves"],"acf":[],"_links":{"self":[{"href":"https:\/\/cartervalves.com\/de\/wp-json\/wp\/v2\/product\/533","targetHints":{"allow":["GET"]}}],"collection":[{"href":"https:\/\/cartervalves.com\/de\/wp-json\/wp\/v2\/product"}],"about":[{"href":"https:\/\/cartervalves.com\/de\/wp-json\/wp\/v2\/types\/product"}],"wp:featuredmedia":[{"embeddable":true,"href":"https:\/\/cartervalves.com\/de\/wp-json\/wp\/v2\/media\/109"}],"wp:attachment":[{"href":"https:\/\/cartervalves.com\/de\/wp-json\/wp\/v2\/media?parent=533"}],"wp:term":[{"taxonomy":"product-categories","embeddable":true,"href":"https:\/\/cartervalves.com\/de\/wp-json\/wp\/v2\/product-categories?post=533"}],"curies":[{"name":"wp","href":"https:\/\/api.w.org\/{rel}","templated":true}]}}