{"id":454,"date":"2026-02-08T16:15:01","date_gmt":"2026-02-08T16:15:01","guid":{"rendered":"https:\/\/cartervalves.com\/?post_type=product&#038;p=454"},"modified":"2026-03-19T02:10:21","modified_gmt":"2026-03-19T02:10:21","slug":"y-type-strainer","status":"publish","type":"product","link":"https:\/\/cartervalves.com\/de\/product\/y-type-strainer\/","title":{"rendered":"Y-Schmutzf\u00e4nger"},"content":{"rendered":"<h4 class=\"wp-block-heading\">Warum sollten Sie sich f\u00fcr den CVS-410 entscheiden?<\/h4>\n\n\n\n<p>Effiziente Filtration: Das gro\u00dffl\u00e4chige Siebdesign gew\u00e4hrleistet eine dauerhafte Filtrationseffektivit\u00e4t und einen geringen Druckabfall, wodurch die Systemeffizienz verbessert und die Lebensdauer der Ger\u00e4te verl\u00e4ngert wird.<br>Bequeme Wartung: Der Ablassstopfen erm\u00f6glicht das Entleeren des Schmutzf\u00e4ngers, ohne dass dieser aus der Leitung entfernt werden muss, was die Wartung vereinfacht und Ausfallzeiten reduziert.<br>Flexible Anpassung: Bietet Siebe mit verschiedenen Maschenweiten f\u00fcr unterschiedliche Anforderungen an die Filtrationspr\u00e4zision und passt sich an verschiedene Prozessbedingungen und Schutzanforderungen an.<\/p>","protected":false},"featured_media":141,"menu_order":0,"template":"","product-categories":[12],"class_list":["post-454","product","type-product","status-publish","has-post-thumbnail","hentry","product-categories-isolation-valves"],"acf":[],"_links":{"self":[{"href":"https:\/\/cartervalves.com\/de\/wp-json\/wp\/v2\/product\/454","targetHints":{"allow":["GET"]}}],"collection":[{"href":"https:\/\/cartervalves.com\/de\/wp-json\/wp\/v2\/product"}],"about":[{"href":"https:\/\/cartervalves.com\/de\/wp-json\/wp\/v2\/types\/product"}],"wp:featuredmedia":[{"embeddable":true,"href":"https:\/\/cartervalves.com\/de\/wp-json\/wp\/v2\/media\/141"}],"wp:attachment":[{"href":"https:\/\/cartervalves.com\/de\/wp-json\/wp\/v2\/media?parent=454"}],"wp:term":[{"taxonomy":"product-categories","embeddable":true,"href":"https:\/\/cartervalves.com\/de\/wp-json\/wp\/v2\/product-categories?post=454"}],"curies":[{"name":"wp","href":"https:\/\/api.w.org\/{rel}","templated":true}]}}