{"id":453,"date":"2026-02-08T16:11:32","date_gmt":"2026-02-08T16:11:32","guid":{"rendered":"https:\/\/cartervalves.com\/?post_type=product&#038;p=453"},"modified":"2026-03-19T02:11:04","modified_gmt":"2026-03-19T02:11:04","slug":"wafer-type-check-valve","status":"publish","type":"product","link":"https:\/\/cartervalves.com\/de\/product\/wafer-type-check-valve\/","title":{"rendered":"R\u00fcckschlagventil mit Zwischenflansch"},"content":{"rendered":"<h4 class=\"wp-block-heading\">Warum sollten Sie sich f\u00fcr den CVS-310 entscheiden?<\/h4>\n\n\n\n<p>Schnelle Reaktion: Die Scheibe schlie\u00dft sich schnell durch Federkraft, wodurch die Auswirkungen von Wasserschl\u00e4gen effektiv reduziert werden und die Rohrleitungen und Ger\u00e4te des Systems vor Sch\u00e4den gesch\u00fctzt werden.<br>Geringer Durchflusswiderstand: Ein klarer Str\u00f6mungsweg f\u00fchrt zu einem geringen Druckverlust, wodurch der Energieverbrauch des Systems gesenkt und die Betriebseffizienz insgesamt verbessert wird.<br>Flexible Installation: Das waffelartige Design mit kurzer L\u00e4nge und geringem Gewicht spart Platz bei der Installation und kann horizontal oder vertikal installiert werden, um verschiedenen Rohrleitungslayouts gerecht zu werden.<\/p>","protected":false},"featured_media":140,"menu_order":0,"template":"","product-categories":[22,12],"class_list":["post-453","product","type-product","status-publish","has-post-thumbnail","hentry","product-categories-check-valves","product-categories-isolation-valves"],"acf":[],"_links":{"self":[{"href":"https:\/\/cartervalves.com\/de\/wp-json\/wp\/v2\/product\/453","targetHints":{"allow":["GET"]}}],"collection":[{"href":"https:\/\/cartervalves.com\/de\/wp-json\/wp\/v2\/product"}],"about":[{"href":"https:\/\/cartervalves.com\/de\/wp-json\/wp\/v2\/types\/product"}],"wp:featuredmedia":[{"embeddable":true,"href":"https:\/\/cartervalves.com\/de\/wp-json\/wp\/v2\/media\/140"}],"wp:attachment":[{"href":"https:\/\/cartervalves.com\/de\/wp-json\/wp\/v2\/media?parent=453"}],"wp:term":[{"taxonomy":"product-categories","embeddable":true,"href":"https:\/\/cartervalves.com\/de\/wp-json\/wp\/v2\/product-categories?post=453"}],"curies":[{"name":"wp","href":"https:\/\/api.w.org\/{rel}","templated":true}]}}