{"id":450,"date":"2026-02-08T16:05:45","date_gmt":"2026-02-08T16:05:45","guid":{"rendered":"https:\/\/cartervalves.com\/?post_type=product&#038;p=450"},"modified":"2026-02-10T08:23:33","modified_gmt":"2026-02-10T08:23:33","slug":"corrosion-resistant-bellows-seal-globe-valve","status":"publish","type":"product","link":"https:\/\/cartervalves.com\/de\/product\/corrosion-resistant-bellows-seal-globe-valve\/","title":{"rendered":"Korrosionsbest\u00e4ndiges Faltenbalg-Durchgangsventil"},"content":{"rendered":"<h4 class=\"wp-block-heading\">Warum sollten Sie sich f\u00fcr das CVS-180 entscheiden?<\/h4>\n\n\n\n<p>Ausgezeichnete Korrosionsbest\u00e4ndigkeit: Erh\u00e4ltlich in komplett rostfreiem Stahl oder speziellen Legierungen, um hochkorrosiven Medien wirksam zu widerstehen und einen langfristigen zuverl\u00e4ssigen Betrieb in rauen chemischen Umgebungen zu gew\u00e4hrleisten.<br>Garantierte Sicherheit: Eine absolut leckagefreie Konstruktion verhindert den Austritt gef\u00e4hrlicher Medien vollst\u00e4ndig, sch\u00fctzt Personal und Umwelt und erf\u00fcllt die strengsten Emissionsnormen.<br>Hochreine Anwendungen: Die interne Struktur ist leicht zu reinigen und erf\u00fcllt die Anforderungen an hochreine Prozesse, wodurch sie sich f\u00fcr die Feinchemie und die Halbleiterindustrie mit strengen Anforderungen an die Medienreinheit eignet.<\/p>","protected":false},"featured_media":112,"menu_order":0,"template":"","product-categories":[12,23],"class_list":["post-450","product","type-product","status-publish","has-post-thumbnail","hentry","product-categories-isolation-valves","product-categories-stop-valves"],"acf":[],"_links":{"self":[{"href":"https:\/\/cartervalves.com\/de\/wp-json\/wp\/v2\/product\/450","targetHints":{"allow":["GET"]}}],"collection":[{"href":"https:\/\/cartervalves.com\/de\/wp-json\/wp\/v2\/product"}],"about":[{"href":"https:\/\/cartervalves.com\/de\/wp-json\/wp\/v2\/types\/product"}],"wp:featuredmedia":[{"embeddable":true,"href":"https:\/\/cartervalves.com\/de\/wp-json\/wp\/v2\/media\/112"}],"wp:attachment":[{"href":"https:\/\/cartervalves.com\/de\/wp-json\/wp\/v2\/media?parent=450"}],"wp:term":[{"taxonomy":"product-categories","embeddable":true,"href":"https:\/\/cartervalves.com\/de\/wp-json\/wp\/v2\/product-categories?post=450"}],"curies":[{"name":"wp","href":"https:\/\/api.w.org\/{rel}","templated":true}]}}