{"id":448,"date":"2026-02-08T15:56:54","date_gmt":"2026-02-08T15:56:54","guid":{"rendered":"https:\/\/cartervalves.com\/?post_type=product&#038;p=448"},"modified":"2026-02-10T08:24:38","modified_gmt":"2026-02-10T08:24:38","slug":"soft-seated-globe-valve","status":"publish","type":"product","link":"https:\/\/cartervalves.com\/de\/product\/soft-seated-globe-valve\/","title":{"rendered":"Weichsitz-Durchgangsventil"},"content":{"rendered":"<h4 class=\"wp-block-heading\">Warum das CVS-120?<\/h4>\n\n\n\n<p>Absolute Abdichtung: Die mit EPDM-Gummi beschichtete Scheibe erreicht eine leckagefreie Absperrung der Klasse A, die eine vollst\u00e4ndige Systemisolierung gew\u00e4hrleistet und die Sicherheit und Zuverl\u00e4ssigkeit erh\u00f6ht.<br>M\u00fchelose Bedienung: Das niedrige Betriebsdrehmoment macht das Umschalten m\u00fchelos, reduziert die Arbeitsbelastung des Bedieners und verbessert die Arbeitseffizienz.<br>Gesundheit und Sicherheit: Erh\u00e4ltlich mit internationalen Trinkwasserzertifizierungen (z. B. KTW, WRAS), die eine sichere Anwendung in Trinkwassersystemen gew\u00e4hrleisten und die Gesundheit der Benutzer sch\u00fctzen.<\/p>","protected":false},"featured_media":135,"menu_order":0,"template":"","product-categories":[12,23],"class_list":["post-448","product","type-product","status-publish","has-post-thumbnail","hentry","product-categories-isolation-valves","product-categories-stop-valves"],"acf":[],"_links":{"self":[{"href":"https:\/\/cartervalves.com\/de\/wp-json\/wp\/v2\/product\/448","targetHints":{"allow":["GET"]}}],"collection":[{"href":"https:\/\/cartervalves.com\/de\/wp-json\/wp\/v2\/product"}],"about":[{"href":"https:\/\/cartervalves.com\/de\/wp-json\/wp\/v2\/types\/product"}],"wp:featuredmedia":[{"embeddable":true,"href":"https:\/\/cartervalves.com\/de\/wp-json\/wp\/v2\/media\/135"}],"wp:attachment":[{"href":"https:\/\/cartervalves.com\/de\/wp-json\/wp\/v2\/media?parent=448"}],"wp:term":[{"taxonomy":"product-categories","embeddable":true,"href":"https:\/\/cartervalves.com\/de\/wp-json\/wp\/v2\/product-categories?post=448"}],"curies":[{"name":"wp","href":"https:\/\/api.w.org\/{rel}","templated":true}]}}