{"id":447,"date":"2026-02-08T15:54:33","date_gmt":"2026-02-08T15:54:33","guid":{"rendered":"https:\/\/cartervalves.com\/?post_type=product&#038;p=447"},"modified":"2026-02-10T08:25:09","modified_gmt":"2026-02-10T08:25:09","slug":"general-purpose-gland-seal-globe-valve","status":"publish","type":"product","link":"https:\/\/cartervalves.com\/de\/product\/general-purpose-gland-seal-globe-valve\/","title":{"rendered":"Durchgangsventil mit Stopfbuchsendichtung f\u00fcr allgemeine Zwecke"},"content":{"rendered":"<h4 class=\"wp-block-heading\">Warum sollten Sie sich f\u00fcr den CVVS-110 entscheiden?<\/h4>\n\n\n\n<p>Zuverl\u00e4ssige Dichtung: Hochwertige Graphitdichtungen sorgen f\u00fcr eine zuverl\u00e4ssige Abdichtung der Spindel, verhindern effektiv das Auslaufen von Medien und sorgen f\u00fcr eine langfristige, stabile Benutzererfahrung.<br>Kosteneffektiv: Bietet ein \u00e4u\u00dferst wettbewerbsf\u00e4higes Kosten-Nutzen-Verh\u00e4ltnis bei gleichzeitiger Gew\u00e4hrleistung der Leistung und hilft Ihnen, das Budget f\u00fcr Projektinvestitionen zu kontrollieren.<br>Bequeme Wartung: Das Backseat-Design erm\u00f6glicht eine Online-Wartung der Verpackung, wodurch Ausfallzeiten und Wartungskosten reduziert und die Betriebseffizienz der Ger\u00e4te verbessert werden.<\/p>","protected":false},"featured_media":119,"menu_order":0,"template":"","product-categories":[12,23],"class_list":["post-447","product","type-product","status-publish","has-post-thumbnail","hentry","product-categories-isolation-valves","product-categories-stop-valves"],"acf":[],"_links":{"self":[{"href":"https:\/\/cartervalves.com\/de\/wp-json\/wp\/v2\/product\/447","targetHints":{"allow":["GET"]}}],"collection":[{"href":"https:\/\/cartervalves.com\/de\/wp-json\/wp\/v2\/product"}],"about":[{"href":"https:\/\/cartervalves.com\/de\/wp-json\/wp\/v2\/types\/product"}],"wp:featuredmedia":[{"embeddable":true,"href":"https:\/\/cartervalves.com\/de\/wp-json\/wp\/v2\/media\/119"}],"wp:attachment":[{"href":"https:\/\/cartervalves.com\/de\/wp-json\/wp\/v2\/media?parent=447"}],"wp:term":[{"taxonomy":"product-categories","embeddable":true,"href":"https:\/\/cartervalves.com\/de\/wp-json\/wp\/v2\/product-categories?post=447"}],"curies":[{"name":"wp","href":"https:\/\/api.w.org\/{rel}","templated":true}]}}