{"id":446,"date":"2026-02-08T15:52:54","date_gmt":"2026-02-08T15:52:54","guid":{"rendered":"https:\/\/cartervalves.com\/?post_type=product&#038;p=446"},"modified":"2026-02-10T08:25:44","modified_gmt":"2026-02-10T08:25:44","slug":"cryogenic-six-eccentric-butterfly-valve","status":"publish","type":"product","link":"https:\/\/cartervalves.com\/de\/product\/cryogenic-six-eccentric-butterfly-valve\/","title":{"rendered":"Kryogenische Sechs-Exzenter-Klappe"},"content":{"rendered":"<p>Garantierte kryogene Abdichtung: Die innovative sechsfach exzentrische Geometrie sorgt f\u00fcr eine perfekte Metall-Metall-Dichtung, die selbst bei -196\u00b0C blasendicht bleibt, Materialschwund kompensiert und Produktverluste ausschlie\u00dft. Reibungsfrei und eisbest\u00e4ndig: Das nicht reibende Design schlie\u00dft das Risiko von Abrieb oder Sitzbesch\u00e4digungen durch Eisbildung w\u00e4hrend des Betriebs vollst\u00e4ndig aus und garantiert einen zuverl\u00e4ssigen Zyklus und eine lange Lebensdauer unter kryogenen Bedingungen. Erh\u00f6hte Sicherheit f\u00fcr gef\u00e4hrliche Medien: Da der CVS-290C wirklich leckagefrei ist, bietet er ein H\u00f6chstma\u00df an Sicherheit f\u00fcr entflammbare und gef\u00e4hrliche kryogene Fl\u00fcssigkeiten und sch\u00fctzt so Personal und Umwelt.<\/p>","protected":false},"featured_media":113,"menu_order":0,"template":"","product-categories":[20,12],"class_list":["post-446","product","type-product","status-publish","has-post-thumbnail","hentry","product-categories-six-eccentric-hexa-butterfly-valves","product-categories-isolation-valves"],"acf":[],"_links":{"self":[{"href":"https:\/\/cartervalves.com\/de\/wp-json\/wp\/v2\/product\/446","targetHints":{"allow":["GET"]}}],"collection":[{"href":"https:\/\/cartervalves.com\/de\/wp-json\/wp\/v2\/product"}],"about":[{"href":"https:\/\/cartervalves.com\/de\/wp-json\/wp\/v2\/types\/product"}],"wp:featuredmedia":[{"embeddable":true,"href":"https:\/\/cartervalves.com\/de\/wp-json\/wp\/v2\/media\/113"}],"wp:attachment":[{"href":"https:\/\/cartervalves.com\/de\/wp-json\/wp\/v2\/media?parent=446"}],"wp:term":[{"taxonomy":"product-categories","embeddable":true,"href":"https:\/\/cartervalves.com\/de\/wp-json\/wp\/v2\/product-categories?post=446"}],"curies":[{"name":"wp","href":"https:\/\/api.w.org\/{rel}","templated":true}]}}