{"id":444,"date":"2026-02-08T15:49:04","date_gmt":"2026-02-08T15:49:04","guid":{"rendered":"https:\/\/cartervalves.com\/?post_type=product&#038;p=444"},"modified":"2026-02-10T08:27:41","modified_gmt":"2026-02-10T08:27:41","slug":"ultra-high-pressure-triple-offset-butterfly-valve","status":"publish","type":"product","link":"https:\/\/cartervalves.com\/de\/product\/ultra-high-pressure-triple-offset-butterfly-valve\/","title":{"rendered":"Ultra-Hochdruck-Absperrklappe mit dreifachem Versatz"},"content":{"rendered":"<h4 class=\"wp-block-heading\">Warum sollten Sie sich f\u00fcr den CVS-288 entscheiden?<\/h4>\n\n\n\n<p>Ultimativer Druckschutz: Ein massives, hochbelastbares, oft geschmiedetes Geh\u00e4use, das extremen Systemdr\u00fccken und Rohrleitungsbelastungen standh\u00e4lt, gew\u00e4hrleistet maximale Integrit\u00e4t und Sicherheit. Langlebige, leckagefreie Leistung: Verwendet ein bew\u00e4hrtes dreifach versetztes Metall-auf-Metall-Sitzdesign, das ein bidirektionales, blasendichtes Absperren ohne Reibung w\u00e4hrend des Sitzens und L\u00f6sens erm\u00f6glicht und eine lange, wartungsfreie Lebensdauer garantiert. Entwickelt f\u00fcr extreme Beanspruchung: Jede Komponente, von der ausblassicheren Spindel bis hin zu den hochfesten Lagern, ist f\u00fcr die anspruchsvollsten Anwendungen ausgelegt und damit die ultimative Wahl f\u00fcr Anwendungen, bei denen ein Ausfall des Ventils nicht in Frage kommt.<\/p>","protected":false},"featured_media":139,"menu_order":0,"template":"","product-categories":[20,12],"class_list":["post-444","product","type-product","status-publish","has-post-thumbnail","hentry","product-categories-six-eccentric-hexa-butterfly-valves","product-categories-isolation-valves"],"acf":[],"_links":{"self":[{"href":"https:\/\/cartervalves.com\/de\/wp-json\/wp\/v2\/product\/444","targetHints":{"allow":["GET"]}}],"collection":[{"href":"https:\/\/cartervalves.com\/de\/wp-json\/wp\/v2\/product"}],"about":[{"href":"https:\/\/cartervalves.com\/de\/wp-json\/wp\/v2\/types\/product"}],"wp:featuredmedia":[{"embeddable":true,"href":"https:\/\/cartervalves.com\/de\/wp-json\/wp\/v2\/media\/139"}],"wp:attachment":[{"href":"https:\/\/cartervalves.com\/de\/wp-json\/wp\/v2\/media?parent=444"}],"wp:term":[{"taxonomy":"product-categories","embeddable":true,"href":"https:\/\/cartervalves.com\/de\/wp-json\/wp\/v2\/product-categories?post=444"}],"curies":[{"name":"wp","href":"https:\/\/api.w.org\/{rel}","templated":true}]}}