{"id":442,"date":"2026-02-08T15:35:04","date_gmt":"2026-02-08T15:35:04","guid":{"rendered":"https:\/\/cartervalves.com\/?post_type=product&#038;p=442"},"modified":"2026-02-10T08:28:21","modified_gmt":"2026-02-10T08:28:21","slug":"intermittent-boiler-blowdown-valve","status":"publish","type":"product","link":"https:\/\/cartervalves.com\/de\/product\/intermittent-boiler-blowdown-valve\/","title":{"rendered":"Intermittierendes Kesselabschl\u00e4mmventil"},"content":{"rendered":"<h4 class=\"wp-block-heading\">Warum das CVS-BD80?<\/h4>\n\n\n\n<p>Hervorragende Verschlei\u00dfbest\u00e4ndigkeit: Der geh\u00e4rtete Besatz (z. B. Stellite) widersteht effektiv der Erosion und dem Abplatzen, die durch die Zweiphasenstr\u00f6mung mit hoher Geschwindigkeit verursacht werden, und verl\u00e4ngert die Lebensdauer.<br>Schnelle Schlammentfernung: Ein einzigartiges Schnell\u00f6ffnungsdesign erm\u00f6glicht den schnellen und effektiven Abzug von abgesetztem Schlamm und gel\u00f6sten Feststoffen, wodurch der optimale Betriebszustand des Kessels aufrechterhalten wird.<br>Sicher &amp; Zuverl\u00e4ssig: Das hochbelastbare Geh\u00e4use und die Motorhaube sind speziell f\u00fcr den Hochdruckbetrieb ausgelegt. Es gew\u00e4hrleistet die Effizienz und Sicherheit des Kessels, indem es sch\u00e4dliche Ablagerungen entfernt.<\/p>","protected":false},"featured_media":124,"menu_order":0,"template":"","product-categories":[11,19],"class_list":["post-442","product","type-product","status-publish","has-post-thumbnail","hentry","product-categories-control-valves","product-categories-pneumatic-on-off-specialty-valves"],"acf":[],"_links":{"self":[{"href":"https:\/\/cartervalves.com\/de\/wp-json\/wp\/v2\/product\/442","targetHints":{"allow":["GET"]}}],"collection":[{"href":"https:\/\/cartervalves.com\/de\/wp-json\/wp\/v2\/product"}],"about":[{"href":"https:\/\/cartervalves.com\/de\/wp-json\/wp\/v2\/types\/product"}],"wp:featuredmedia":[{"embeddable":true,"href":"https:\/\/cartervalves.com\/de\/wp-json\/wp\/v2\/media\/124"}],"wp:attachment":[{"href":"https:\/\/cartervalves.com\/de\/wp-json\/wp\/v2\/media?parent=442"}],"wp:term":[{"taxonomy":"product-categories","embeddable":true,"href":"https:\/\/cartervalves.com\/de\/wp-json\/wp\/v2\/product-categories?post=442"}],"curies":[{"name":"wp","href":"https:\/\/api.w.org\/{rel}","templated":true}]}}