{"id":437,"date":"2026-02-08T15:30:56","date_gmt":"2026-02-08T15:30:56","guid":{"rendered":"https:\/\/cartervalves.com\/?post_type=product&#038;p=437"},"modified":"2026-02-10T08:29:48","modified_gmt":"2026-02-10T08:29:48","slug":"3-way-self-acting-temperature-regulator","status":"publish","type":"product","link":"https:\/\/cartervalves.com\/de\/product\/3-way-self-acting-temperature-regulator\/","title":{"rendered":"Selbstt\u00e4tiger 3-Wege-Temperaturregler"},"content":{"rendered":"<h4 class=\"wp-block-heading\">Warum das CDR-TR73?<\/h4>\n\n\n\n<p>Drei-in-Eins-L\u00f6sung: Integriert ein Regelventil, einen Sensor und ein Steuerger\u00e4t in einer Einheit, was den Systementwurf vereinfacht und die Komplexit\u00e4t der Installation sowie die Wartungskosten reduziert.<br>Konstante Durchflussmenge: Die einzigartige Misch-\/Verteilerfunktion sorgt f\u00fcr eine konstante Gesamtdurchflussmenge im System und damit f\u00fcr eine stabile K\u00fchlung von Kernger\u00e4ten wie Motoren.<br>Robust und langlebig: Eine robuste Struktur, die f\u00fcr Umgebungen mit starken Vibrationen ausgelegt ist, sorgt f\u00fcr eine langfristige, zuverl\u00e4ssige Temperaturregelung auch unter rauen Betriebsbedingungen.<\/p>","protected":false},"featured_media":107,"menu_order":0,"template":"","product-categories":[11,18],"class_list":["post-437","product","type-product","status-publish","has-post-thumbnail","hentry","product-categories-control-valves","product-categories-self-acting-regulators"],"acf":[],"_links":{"self":[{"href":"https:\/\/cartervalves.com\/de\/wp-json\/wp\/v2\/product\/437","targetHints":{"allow":["GET"]}}],"collection":[{"href":"https:\/\/cartervalves.com\/de\/wp-json\/wp\/v2\/product"}],"about":[{"href":"https:\/\/cartervalves.com\/de\/wp-json\/wp\/v2\/types\/product"}],"wp:featuredmedia":[{"embeddable":true,"href":"https:\/\/cartervalves.com\/de\/wp-json\/wp\/v2\/media\/107"}],"wp:attachment":[{"href":"https:\/\/cartervalves.com\/de\/wp-json\/wp\/v2\/media?parent=437"}],"wp:term":[{"taxonomy":"product-categories","embeddable":true,"href":"https:\/\/cartervalves.com\/de\/wp-json\/wp\/v2\/product-categories?post=437"}],"curies":[{"name":"wp","href":"https:\/\/api.w.org\/{rel}","templated":true}]}}