{"id":435,"date":"2026-02-08T15:27:24","date_gmt":"2026-02-08T15:27:24","guid":{"rendered":"https:\/\/cartervalves.com\/?post_type=product&#038;p=435"},"modified":"2026-02-10T08:30:38","modified_gmt":"2026-02-10T08:30:38","slug":"self-acting-temperature-regulator","status":"publish","type":"product","link":"https:\/\/cartervalves.com\/de\/product\/self-acting-temperature-regulator\/","title":{"rendered":"Selbstt\u00e4tiger Temperaturregler"},"content":{"rendered":"<h4 class=\"wp-block-heading\">Warum das CDR-TR70?<\/h4>\n\n\n\n<p>Ultimative Verl\u00e4sslichkeit: Eine rein mechanische Struktur ohne elektronische Komponenten gew\u00e4hrleistet einen stabilen Betrieb in jeder rauen Umgebung und gibt Ihnen Sicherheit.<br>Signifikante Energieeinsparungen: Erfordert keine Stromversorgung oder Verkabelung f\u00fcr einen Null-Energieverbrauch. Das spart nicht nur Stromkosten, sondern reduziert auch die Kosten f\u00fcr die Erstinstallation erheblich.<br>Intelligent und sicher: Eingebauter Ausfallsicherheitsschutz. Wenn das Thermoelement versehentlich besch\u00e4digt wird, geht das Ventil automatisch in einen sicheren Zustand \u00fcber (offen oder geschlossen), um Ihre Kernausr\u00fcstung zu sch\u00fctzen.<\/p>","protected":false},"featured_media":130,"menu_order":0,"template":"","product-categories":[11,18],"class_list":["post-435","product","type-product","status-publish","has-post-thumbnail","hentry","product-categories-control-valves","product-categories-self-acting-regulators"],"acf":[],"_links":{"self":[{"href":"https:\/\/cartervalves.com\/de\/wp-json\/wp\/v2\/product\/435","targetHints":{"allow":["GET"]}}],"collection":[{"href":"https:\/\/cartervalves.com\/de\/wp-json\/wp\/v2\/product"}],"about":[{"href":"https:\/\/cartervalves.com\/de\/wp-json\/wp\/v2\/types\/product"}],"wp:featuredmedia":[{"embeddable":true,"href":"https:\/\/cartervalves.com\/de\/wp-json\/wp\/v2\/media\/130"}],"wp:attachment":[{"href":"https:\/\/cartervalves.com\/de\/wp-json\/wp\/v2\/media?parent=435"}],"wp:term":[{"taxonomy":"product-categories","embeddable":true,"href":"https:\/\/cartervalves.com\/de\/wp-json\/wp\/v2\/product-categories?post=435"}],"curies":[{"name":"wp","href":"https:\/\/api.w.org\/{rel}","templated":true}]}}