{"id":433,"date":"2026-02-08T15:16:21","date_gmt":"2026-02-08T15:16:21","guid":{"rendered":"https:\/\/cartervalves.com\/?post_type=product&#038;p=433"},"modified":"2026-02-10T08:34:52","modified_gmt":"2026-02-10T08:34:52","slug":"3-way-mixing-diverting-control-valve","status":"publish","type":"product","link":"https:\/\/cartervalves.com\/de\/product\/3-way-mixing-diverting-control-valve\/","title":{"rendered":"3-Wege-Misch- und Verteiler-Regelventil"},"content":{"rendered":"<h4 class=\"wp-block-heading\">Warum sollten Sie sich f\u00fcr das CVC-300M entscheiden?<\/h4>\n\n\n\n<p>Doppelfunktion in einem Ventil: Ein einziges Ventilgeh\u00e4use dient sowohl zum Mischen als auch zum Umleiten, was die Systemkonstruktion vereinfacht und die Kosten f\u00fcr Ausr\u00fcstung und Installation reduziert.<br>Pr\u00e4zise Steuerung: Bietet eine lineare und gleichprozentige Durchflusscharakteristik, um eine genaue Temperaturregelung zu gew\u00e4hrleisten und die Energieeffizienz und den Komfort des Systems zu verbessern.<br>Zuverl\u00e4ssige Absperrung: Bietet eine dichte Absperrung an beiden Anschl\u00fcssen, wodurch die Leistung unter verschiedenen Bedingungen stabil bleibt und die Lebensdauer des Systems verl\u00e4ngert wird.<\/p>","protected":false},"featured_media":106,"menu_order":0,"template":"","product-categories":[11,17],"class_list":["post-433","product","type-product","status-publish","has-post-thumbnail","hentry","product-categories-control-valves","product-categories-modulating-control-valves"],"acf":[],"_links":{"self":[{"href":"https:\/\/cartervalves.com\/de\/wp-json\/wp\/v2\/product\/433","targetHints":{"allow":["GET"]}}],"collection":[{"href":"https:\/\/cartervalves.com\/de\/wp-json\/wp\/v2\/product"}],"about":[{"href":"https:\/\/cartervalves.com\/de\/wp-json\/wp\/v2\/types\/product"}],"wp:featuredmedia":[{"embeddable":true,"href":"https:\/\/cartervalves.com\/de\/wp-json\/wp\/v2\/media\/106"}],"wp:attachment":[{"href":"https:\/\/cartervalves.com\/de\/wp-json\/wp\/v2\/media?parent=433"}],"wp:term":[{"taxonomy":"product-categories","embeddable":true,"href":"https:\/\/cartervalves.com\/de\/wp-json\/wp\/v2\/product-categories?post=433"}],"curies":[{"name":"wp","href":"https:\/\/api.w.org\/{rel}","templated":true}]}}